{"id":103,"date":"2022-02-24T10:22:28","date_gmt":"2022-02-24T09:22:28","guid":{"rendered":"https:\/\/test.brfkalltorp.se\/?page_id=103"},"modified":"2022-02-24T10:22:28","modified_gmt":"2022-02-24T09:22:28","slug":"nyckelhantering","status":"publish","type":"page","link":"https:\/\/test.fyrhorningen.se\/?page_id=103","title":{"rendered":"Nycklar och entr\u00e9er"},"content":{"rendered":"\n<p>F\u00f6reningens nycklar och l\u00e5s hanteras av <a href=\"http:\/\/www.jarfallalasservice.se\/\">J\u00e4rf\u00e4lla L\u00e5sservice AB<\/a>.<\/p>\n\n\n\n<p>Alla d\u00f6rrar till gemensamma utrymmen samt d\u00f6rrar till byggnaderna \u00f6ppnas med hemmanyckel.<\/p>\n\n\n\n<p>Om du beh\u00f6ver best\u00e4lla nyckel till din l\u00e4genhet som ocks\u00e5 passar till gemensamma utrymmen samt porten beh\u00f6vs godk\u00e4nnande fr\u00e5n styrelsen. Styrelsen skickar\u00a0bekr\u00e4ftelse\u00a0till J\u00e4rf\u00e4lla L\u00e5sservice d\u00e4r du sen kan best\u00e4lla din nyckel.<\/p>\n\n\n\n<p>Entr\u00e9erna har ocks\u00e5 ett kodl\u00e5s som fungerar mellan <span style=\"text-decoration: underline;\">06:00 &#8211; 22:00<\/span>.<\/p>\n","protected":false},"excerpt":{"rendered":"<p>F\u00f6reningens nycklar och l\u00e5s hanteras av J\u00e4rf\u00e4lla L\u00e5sservice AB. Alla d\u00f6rrar till gemensamma utrymmen samt d\u00f6rrar till byggnaderna \u00f6ppnas med hemmanyckel. Om du beh\u00f6ver best\u00e4lla nyckel till din l\u00e4genhet som ocks\u00e5 passar till gemensamma utrymmen samt porten beh\u00f6vs godk\u00e4nnande fr\u00e5n styrelsen. Styrelsen skickar\u00a0bekr\u00e4ftelse\u00a0till J\u00e4rf\u00e4lla L\u00e5sservice d\u00e4r du sen kan best\u00e4lla din nyckel. Entr\u00e9erna har ocks\u00e5 [&hellip;]<\/p>\n","protected":false},"author":2,"featured_media":0,"parent":0,"menu_order":0,"comment_status":"closed","ping_status":"closed","template":"","meta":{"footnotes":""},"class_list":["post-103","page","type-page","status-publish","hentry"],"_links":{"self":[{"href":"https:\/\/test.fyrhorningen.se\/index.php?rest_route=\/wp\/v2\/pages\/103","targetHints":{"allow":["GET"]}}],"collection":[{"href":"https:\/\/test.fyrhorningen.se\/index.php?rest_route=\/wp\/v2\/pages"}],"about":[{"href":"https:\/\/test.fyrhorningen.se\/index.php?rest_route=\/wp\/v2\/types\/page"}],"author":[{"embeddable":true,"href":"https:\/\/test.fyrhorningen.se\/index.php?rest_route=\/wp\/v2\/users\/2"}],"replies":[{"embeddable":true,"href":"https:\/\/test.fyrhorningen.se\/index.php?rest_route=%2Fwp%2Fv2%2Fcomments&post=103"}],"version-history":[{"count":0,"href":"https:\/\/test.fyrhorningen.se\/index.php?rest_route=\/wp\/v2\/pages\/103\/revisions"}],"wp:attachment":[{"href":"https:\/\/test.fyrhorningen.se\/index.php?rest_route=%2Fwp%2Fv2%2Fmedia&parent=103"}],"curies":[{"name":"wp","href":"https:\/\/api.w.org\/{rel}","templated":true}]}}