{"id":106,"date":"2022-02-24T10:24:29","date_gmt":"2022-02-24T09:24:29","guid":{"rendered":"https:\/\/test.brfkalltorp.se\/?page_id=106"},"modified":"2022-02-24T10:24:29","modified_gmt":"2022-02-24T09:24:29","slug":"tradgard","status":"publish","type":"page","link":"https:\/\/test.fyrhorningen.se\/?page_id=106","title":{"rendered":"Tr\u00e4dg\u00e5rd"},"content":{"rendered":"\n<div class=\"wp-block-group\"><div class=\"wp-block-group__inner-container is-layout-flow wp-block-group-is-layout-flow\">\n<div class=\"wp-block-columns is-layout-flex wp-container-core-columns-is-layout-9d6595d7 wp-block-columns-is-layout-flex\">\n<div class=\"wp-block-column is-layout-flow wp-block-column-is-layout-flow\" style=\"flex-basis:100%\">\n<div class=\"wp-block-columns is-layout-flex wp-container-core-columns-is-layout-9d6595d7 wp-block-columns-is-layout-flex\">\n<div class=\"wp-block-column is-vertically-aligned-center is-layout-flow wp-block-column-is-layout-flow\" style=\"flex-basis:44.45%\">\n<p>Runt byggnaderna finns en fin innerg\u00e5rd f\u00f6r v\u00e5ra medlemmar.<\/p>\n\n\n\n<p>D\u00e4r finns flera lekplatser f\u00f6r barnen samt b\u00e4nkar och bord f\u00f6r att sitta och njuta.<\/p>\n\n\n\n<p>En uteplats mellan husen \u00e4r tillg\u00e4nglig med flera grillar, flyttbara bord och sittplats i skuggan. En grillplats finns i lekparken och en bakom hus 10.<\/p>\n\n\n\n<p>Framf\u00f6r varje port finns rabatter som sk\u00f6ts av medlemmarna.<\/p>\n\n\n\n<p>N\u00e4ra parkeringen finns odlingsl\u00e5dor tillg\u00e4ngliga s\u00e5 v\u00e5ra medlemmar kan odla \u00f6rter eller gr\u00f6nsaker.<\/p>\n<\/div>\n\n\n\n<div class=\"wp-block-column is-layout-flow wp-block-column-is-layout-flow\" style=\"flex-basis:26.22em\">\n<figure class=\"wp-block-gallery alignfull has-nested-images columns-default is-cropped wp-block-gallery-1 is-layout-flex wp-block-gallery-is-layout-flex\">\n<figure class=\"wp-block-image size-large is-style-default\"><img loading=\"lazy\" decoding=\"async\" width=\"766\" height=\"1024\" data-id=\"199\" src=\"https:\/\/test.fyrhorningen.se\/wp-content\/uploads\/2022\/02\/IMG_20210612_172642236-1-scaled-1-766x1024.jpg\" alt=\"\" class=\"wp-image-199\" srcset=\"https:\/\/test.fyrhorningen.se\/wp-content\/uploads\/2022\/02\/IMG_20210612_172642236-1-scaled-1-766x1024.jpg 766w, https:\/\/test.fyrhorningen.se\/wp-content\/uploads\/2022\/02\/IMG_20210612_172642236-1-scaled-1-225x300.jpg 225w, https:\/\/test.fyrhorningen.se\/wp-content\/uploads\/2022\/02\/IMG_20210612_172642236-1-scaled-1-768x1026.jpg 768w, https:\/\/test.fyrhorningen.se\/wp-content\/uploads\/2022\/02\/IMG_20210612_172642236-1-scaled-1-1150x1536.jpg 1150w, https:\/\/test.fyrhorningen.se\/wp-content\/uploads\/2022\/02\/IMG_20210612_172642236-1-scaled-1-1533x2048.jpg 1533w, https:\/\/test.fyrhorningen.se\/wp-content\/uploads\/2022\/02\/IMG_20210612_172642236-1-scaled-1.jpg 1916w\" sizes=\"auto, (max-width: 766px) 100vw, 766px\" \/><\/figure>\n\n\n\n<figure class=\"wp-block-image size-large is-style-default\"><img loading=\"lazy\" decoding=\"async\" width=\"768\" height=\"1024\" data-id=\"167\" src=\"https:\/\/test.fyrhorningen.se\/wp-content\/uploads\/2022\/02\/IMG_20210525_123716-scaled-1-768x1024.jpg\" alt=\"\" class=\"wp-image-167\" srcset=\"https:\/\/test.fyrhorningen.se\/wp-content\/uploads\/2022\/02\/IMG_20210525_123716-scaled-1-768x1024.jpg 768w, https:\/\/test.fyrhorningen.se\/wp-content\/uploads\/2022\/02\/IMG_20210525_123716-scaled-1-225x300.jpg 225w, https:\/\/test.fyrhorningen.se\/wp-content\/uploads\/2022\/02\/IMG_20210525_123716-scaled-1-1152x1536.jpg 1152w, https:\/\/test.fyrhorningen.se\/wp-content\/uploads\/2022\/02\/IMG_20210525_123716-scaled-1-1536x2048.jpg 1536w, https:\/\/test.fyrhorningen.se\/wp-content\/uploads\/2022\/02\/IMG_20210525_123716-scaled-1.jpg 1920w\" sizes=\"auto, (max-width: 768px) 100vw, 768px\" \/><\/figure>\n<\/figure>\n<\/div>\n<\/div>\n<\/div>\n<\/div>\n<\/div><\/div>\n\n\n\n<p><\/p>\n","protected":false},"excerpt":{"rendered":"<p>Runt byggnaderna finns en fin innerg\u00e5rd f\u00f6r v\u00e5ra medlemmar. D\u00e4r finns flera lekplatser f\u00f6r barnen samt b\u00e4nkar och bord f\u00f6r att sitta och njuta. En uteplats mellan husen \u00e4r tillg\u00e4nglig med flera grillar, flyttbara bord och sittplats i skuggan. En grillplats finns i lekparken och en bakom hus 10. Framf\u00f6r varje port finns rabatter som [&hellip;]<\/p>\n","protected":false},"author":2,"featured_media":0,"parent":0,"menu_order":0,"comment_status":"closed","ping_status":"closed","template":"","meta":{"footnotes":""},"class_list":["post-106","page","type-page","status-publish","hentry"],"_links":{"self":[{"href":"https:\/\/test.fyrhorningen.se\/index.php?rest_route=\/wp\/v2\/pages\/106","targetHints":{"allow":["GET"]}}],"collection":[{"href":"https:\/\/test.fyrhorningen.se\/index.php?rest_route=\/wp\/v2\/pages"}],"about":[{"href":"https:\/\/test.fyrhorningen.se\/index.php?rest_route=\/wp\/v2\/types\/page"}],"author":[{"embeddable":true,"href":"https:\/\/test.fyrhorningen.se\/index.php?rest_route=\/wp\/v2\/users\/2"}],"replies":[{"embeddable":true,"href":"https:\/\/test.fyrhorningen.se\/index.php?rest_route=%2Fwp%2Fv2%2Fcomments&post=106"}],"version-history":[{"count":0,"href":"https:\/\/test.fyrhorningen.se\/index.php?rest_route=\/wp\/v2\/pages\/106\/revisions"}],"wp:attachment":[{"href":"https:\/\/test.fyrhorningen.se\/index.php?rest_route=%2Fwp%2Fv2%2Fmedia&parent=106"}],"curies":[{"name":"wp","href":"https:\/\/api.w.org\/{rel}","templated":true}]}}