{"id":119,"date":"2022-02-25T14:07:13","date_gmt":"2022-02-25T13:07:13","guid":{"rendered":"https:\/\/test.brfkalltorp.se\/?page_id=119"},"modified":"2022-02-25T14:07:13","modified_gmt":"2022-02-25T13:07:13","slug":"arsredovisningar","status":"publish","type":"page","link":"https:\/\/test.fyrhorningen.se\/?page_id=119","title":{"rendered":"\u00c5rsredovisningar"},"content":{"rendered":"\n<article class=\"wp-block-group\"><div class=\"wp-block-group__inner-container is-layout-flow wp-block-group-is-layout-flow\">\n<ul class=\"wp-block-list\"><li><a href=\"https:\/\/test.fyrhorningen.se\/wp-content\/uploads\/2023\/06\/2022_4640_merged.pdf\">\u00c5rsredovisning Fyrh\u00f6rningen 2022<\/a><\/li><li><a href=\"https:\/\/test.fyrhorningen.se\/wp-content\/uploads\/2022\/06\/4640_Ar_2021.pdf\">\u00c5rsredovisning K\u00e4lltorp 2021<\/a><\/li><li><a href=\"https:\/\/test.fyrhorningen.se\/wp-content\/uploads\/2022\/02\/Arsredovisning-Kalltorp-2020.pdf\">\u00c5rsredovisning K\u00e4lltorp 2020<\/a><\/li><li><a href=\"https:\/\/test.fyrhorningen.se\/wp-content\/uploads\/2022\/02\/Arsredovisning-Kalltorp-2019.pdf\">\u00c5rsredovisning K\u00e4lltorp 2019<\/a><\/li><li><a href=\"https:\/\/test.fyrhorningen.se\/wp-content\/uploads\/2022\/02\/Arsredovisning-Kalltorp-2018.pdf\">\u00c5rsredovisning K\u00e4lltorp 2018<\/a><\/li><li><a href=\"https:\/\/test.fyrhorningen.se\/wp-content\/uploads\/2022\/02\/Arsredovisning-Kalltorp-2017.pdf\">\u00c5rsredovisning K\u00e4lltorp 2017<\/a><\/li><li><a href=\"https:\/\/test.fyrhorningen.se\/wp-content\/uploads\/2022\/02\/Arsredovisning-Kalltorp-2016.pdf\">\u00c5rsredovisning K\u00e4lltorp 2016<\/a><\/li><li><a href=\"https:\/\/test.fyrhorningen.se\/wp-content\/uploads\/2022\/02\/Arsredovisning-Kalltorp-2015.pdf\">\u00c5rsredovisning K\u00e4lltorp 2015<\/a><\/li><li><a href=\"https:\/\/test.fyrhorningen.se\/wp-content\/uploads\/2022\/02\/Arsredovisning-Kalltorp-2014.pdf\">\u00c5rsredovisning K\u00e4lltorp 2014<\/a><\/li><li><a href=\"https:\/\/test.fyrhorningen.se\/wp-content\/uploads\/2022\/02\/Arsredovisning-Kalltorp-2013.pdf\">\u00c5rsredovisning K\u00e4lltorp 2013<\/a><\/li><li><a href=\"https:\/\/test.fyrhorningen.se\/wp-content\/uploads\/2022\/02\/Arsredovisning-Kalltorp-2012.pdf\">\u00c5rsredovisning K\u00e4lltorp 2012<\/a><\/li><li><a href=\"https:\/\/test.fyrhorningen.se\/wp-content\/uploads\/2022\/02\/Arsredovisning-Kalltorp-2011.pdf\">\u00c5rsredovisning K\u00e4lltorp 2011<\/a><\/li><\/ul>\n<\/div><\/article>\n\n\n\n<p><\/p>\n\n\n\n<div class=\"wp-block-columns is-layout-flex wp-container-core-columns-is-layout-9d6595d7 wp-block-columns-is-layout-flex\">\n<div class=\"wp-block-column is-layout-flow wp-block-column-is-layout-flow\" style=\"flex-basis:100%\">\n<div class=\"wp-block-group\"><div class=\"wp-block-group__inner-container is-layout-flow wp-block-group-is-layout-flow\"><\/div><\/div>\n<\/div>\n<\/div>\n","protected":false},"excerpt":{"rendered":"<p>\u00c5rsredovisning Fyrh\u00f6rningen 2022 \u00c5rsredovisning K\u00e4lltorp 2021 \u00c5rsredovisning K\u00e4lltorp 2020 \u00c5rsredovisning K\u00e4lltorp 2019 \u00c5rsredovisning K\u00e4lltorp 2018 \u00c5rsredovisning K\u00e4lltorp 2017 \u00c5rsredovisning K\u00e4lltorp 2016 \u00c5rsredovisning K\u00e4lltorp 2015 \u00c5rsredovisning K\u00e4lltorp 2014 \u00c5rsredovisning K\u00e4lltorp 2013 \u00c5rsredovisning K\u00e4lltorp 2012 \u00c5rsredovisning K\u00e4lltorp 2011<\/p>\n","protected":false},"author":2,"featured_media":0,"parent":0,"menu_order":0,"comment_status":"closed","ping_status":"closed","template":"","meta":{"footnotes":""},"class_list":["post-119","page","type-page","status-publish","hentry"],"_links":{"self":[{"href":"https:\/\/test.fyrhorningen.se\/index.php?rest_route=\/wp\/v2\/pages\/119","targetHints":{"allow":["GET"]}}],"collection":[{"href":"https:\/\/test.fyrhorningen.se\/index.php?rest_route=\/wp\/v2\/pages"}],"about":[{"href":"https:\/\/test.fyrhorningen.se\/index.php?rest_route=\/wp\/v2\/types\/page"}],"author":[{"embeddable":true,"href":"https:\/\/test.fyrhorningen.se\/index.php?rest_route=\/wp\/v2\/users\/2"}],"replies":[{"embeddable":true,"href":"https:\/\/test.fyrhorningen.se\/index.php?rest_route=%2Fwp%2Fv2%2Fcomments&post=119"}],"version-history":[{"count":0,"href":"https:\/\/test.fyrhorningen.se\/index.php?rest_route=\/wp\/v2\/pages\/119\/revisions"}],"wp:attachment":[{"href":"https:\/\/test.fyrhorningen.se\/index.php?rest_route=%2Fwp%2Fv2%2Fmedia&parent=119"}],"curies":[{"name":"wp","href":"https:\/\/api.w.org\/{rel}","templated":true}]}}