{"id":29,"date":"2022-02-21T11:52:18","date_gmt":"2022-02-21T10:52:18","guid":{"rendered":"https:\/\/test.brfkalltorp.se\/?page_id=29"},"modified":"2022-02-21T11:52:18","modified_gmt":"2022-02-21T10:52:18","slug":"soprum","status":"publish","type":"page","link":"https:\/\/test.fyrhorningen.se\/?page_id=29","title":{"rendered":"Sophantering"},"content":{"rendered":"\n<p>Det finns tv\u00e5 soprum, ett f\u00f6r hush\u00e5llssopor och ett f\u00f6r \u00e5tervinningsbart avfall.<\/p>\n\n\n\n<h3 class=\"wp-block-heading\" id=\"hush\u00e5llssopor\">Hush\u00e5llssopor<\/h3>\n\n\n\n<p>I det h\u00f6gra soprummet sl\u00e4nger man sina hush\u00e5llssopor, uppdelat p\u00e5 skr\u00e4p och mat. Matavfall l\u00e4ggs i de bruna matavfallsp\u00e5sarna, som finns att h\u00e4mta i soprummet. Matavfallsp\u00e5sarna f\u00e5r endast sl\u00e4ngas i de mindre k\u00e4rlen. \u00d6vriga hush\u00e5llssopor l\u00e4ggs endast i noggrant knutna p\u00e5sar i de st\u00f6rre k\u00e4rlen.<\/p>\n\n\n\n<h3 class=\"wp-block-heading\" id=\"sopsorteringsrummet\">Sopsorteringsrummet<\/h3>\n\n\n\n<p>Det andra soprummet \u00e4r f\u00f6r \u00e5tervinningsbart avfall som t.ex. kartonger, glas, metall, plast, tidningar och el-artiklar. I \u00e5tervinningsrummet har vi ocks\u00e5\u00a0et\u00a0k\u00e4rl f\u00f6r mindre grovsopor.\u00a0 Vid behov finns det ocks\u00e5 en \u00e5tervinningsplats vid parkeringen vid t\u00e5gstationen. D\u00e4r finns\u00a0\u00e4ven k\u00e4rl f\u00f6r kl\u00e4dinsamling.\u00a0<\/p>\n\n\n\n<h3 class=\"wp-block-heading\" id=\"farligt-avfall\">Farligt avfall<\/h3>\n\n\n\n<p>Det r\u00f6da sk\u00e5pet i \u00e5tervinningsrummet \u00e4r till f\u00f6r farligt avfall. Instruktioner f\u00f6r anv\u00e4ndning finns p\u00e5 sk\u00e5pet. Vid sk\u00e5pet finns en m\u00e4ngd R\u00d6DA kassar som du kan ta och anv\u00e4nda till att samla ditt farliga avfall hemma, f\u00f6r att sedan (1) ta ut en l\u00e5da p\u00e5 sk\u00e5pets v\u00e4nstra sida, (2) fylla l\u00e5dan och (3) placera den p\u00e5 sk\u00e5pets h\u00f6gra sida.<\/p>\n\n\n\n<h3 class=\"wp-block-heading\" id=\"container\">Container<\/h3>\n\n\n\n<p>Tv\u00e5 g\u00e5nger\u00a0per \u00e5r bokar f\u00f6reningen en container d\u00e4r alla medlemmar kan sl\u00e4nga blandade\u00a0grovsopor. Det \u00e4r inte till\u00e5tet att kasta\u00a0oljor, kemikalier, reng\u00f6ringsmedel, f\u00e4rg, hygienartiklar, elektronik, bild\u00e4ck, vitvaror, bilbatterier, v\u00e4tskor, elavfall och byggavfall i containern.<\/p>\n\n\n\n<p>F\u00e4rgburkar och andra kemiska produkter ska du sj\u00e4lv ansvara f\u00f6r att transportera till n\u00e4rmaste milj\u00f6station.<\/p>\n","protected":false},"excerpt":{"rendered":"<p>Det finns tv\u00e5 soprum, ett f\u00f6r hush\u00e5llssopor och ett f\u00f6r \u00e5tervinningsbart avfall. Hush\u00e5llssopor I det h\u00f6gra soprummet sl\u00e4nger man sina hush\u00e5llssopor, uppdelat p\u00e5 skr\u00e4p och mat. Matavfall l\u00e4ggs i de bruna matavfallsp\u00e5sarna, som finns att h\u00e4mta i soprummet. Matavfallsp\u00e5sarna f\u00e5r endast sl\u00e4ngas i de mindre k\u00e4rlen. \u00d6vriga hush\u00e5llssopor l\u00e4ggs endast i noggrant knutna p\u00e5sar i [&hellip;]<\/p>\n","protected":false},"author":2,"featured_media":0,"parent":0,"menu_order":0,"comment_status":"closed","ping_status":"closed","template":"","meta":{"footnotes":""},"class_list":["post-29","page","type-page","status-publish","hentry"],"_links":{"self":[{"href":"https:\/\/test.fyrhorningen.se\/index.php?rest_route=\/wp\/v2\/pages\/29","targetHints":{"allow":["GET"]}}],"collection":[{"href":"https:\/\/test.fyrhorningen.se\/index.php?rest_route=\/wp\/v2\/pages"}],"about":[{"href":"https:\/\/test.fyrhorningen.se\/index.php?rest_route=\/wp\/v2\/types\/page"}],"author":[{"embeddable":true,"href":"https:\/\/test.fyrhorningen.se\/index.php?rest_route=\/wp\/v2\/users\/2"}],"replies":[{"embeddable":true,"href":"https:\/\/test.fyrhorningen.se\/index.php?rest_route=%2Fwp%2Fv2%2Fcomments&post=29"}],"version-history":[{"count":0,"href":"https:\/\/test.fyrhorningen.se\/index.php?rest_route=\/wp\/v2\/pages\/29\/revisions"}],"wp:attachment":[{"href":"https:\/\/test.fyrhorningen.se\/index.php?rest_route=%2Fwp%2Fv2%2Fmedia&parent=29"}],"curies":[{"name":"wp","href":"https:\/\/api.w.org\/{rel}","templated":true}]}}