{"id":306,"date":"2022-11-25T11:54:36","date_gmt":"2022-11-25T10:54:36","guid":{"rendered":"https:\/\/www.brfkalltorp.se\/?page_id=306"},"modified":"2022-11-25T11:54:36","modified_gmt":"2022-11-25T10:54:36","slug":"brandsakerhet","status":"publish","type":"page","link":"https:\/\/test.fyrhorningen.se\/?page_id=306","title":{"rendered":"Brands\u00e4kerhet"},"content":{"rendered":"\n<h3 class=\"wp-block-heading\">Skydda ditt hem mot br\u00e4nder<\/h3>\n\n\n\n<p>Det \u00e4r oftast vardagliga saker som orsakar br\u00e4nder i hemmet, till exempel en gl\u00f6md platta p\u00e5 spisen, levande ljus eller r\u00f6kning. Vi har h\u00e4r samlat information om vad du kan g\u00f6ra f\u00f6r att \u00f6ka brands\u00e4kerheten hemma samt vilka regler som alla boende m\u00e5ste k\u00e4nna till och f\u00f6lja. Alla ska \u00e4ven k\u00e4nna till hur man f\u00f6rebygger brand samt  vad man ska g\u00f6ra om brand utbryter i den egna l\u00e4genheten eller i byggnaden i \u00f6vrigt.<\/p>\n\n\n\n<p>Styrelsen i Brf Fyrh\u00f6rningen arbetar med Systematiskt Brandskyddsarbete (SBA) vilket inneb\u00e4r kontinuerlig kontroll av den utrustning som f\u00f6reningen har och som f\u00f6rb\u00e4ttrar v\u00e5r beredskap mot brand. V\u00e5ra byggnader \u00e4r f\u00f6rsedda med brandd\u00f6rrar, r\u00f6kluckor samt brandvarnare i trapphusen. Brandsl\u00e4ckare finns i tv\u00e4ttstugor och undercentraler.<\/p>\n\n\n\n<p>Lagen s\u00e4ger att vi alla \u00e4r ansvariga f\u00f6r v\u00e5r egen s\u00e4kerhet, s\u00e5v\u00e4l hemma som p\u00e5 jobbet. Boende ansvarar s\u00e5ledes f\u00f6r att det finns brandskydd i hemmet, dvs fungerande brandvarnare (krav), brandsl\u00e4ckare och brandfilt (\u00f6nskv\u00e4rt). F\u00f6r bost\u00e4der rekommenderar MSB pulversl\u00e4ckare p\u00e5 minst 6 kilo med effektivitetsklass 43A 233BC. Brandvarnaren ska vara m\u00e4rkt med den europeiska standarden SS-EN14604, och brandfilt SS-EN186.<\/p>\n\n\n\n<p><strong>Brandvarnare \u2013 ett m\u00e5ste &#8211;<\/strong> En brand kan v\u00e4xa oerh\u00f6rt fort, d\u00e4rf\u00f6r ska det enligt lag finnas minst en fungerande brandvarnare i varje l\u00e4genhet. \u00c4r l\u00e4genheten st\u00f6rre \u00e4n 60 kvm b\u00f6r det finnas flera brandvarnare och minst en p\u00e5 varje v\u00e5ningsplan. Prova brandvarnaren en g\u00e5ng i m\u00e5naden<br>och byt batteriet en g\u00e5ng om \u00e5ret. Brandvarnaren m\u00e5ste ocks\u00e5 bytas ut efter 10 \u00e5r.<\/p>\n\n\n\n<h3 class=\"wp-block-heading\">Att t\u00e4nka p\u00e5<\/h3>\n\n\n\n<ul class=\"wp-block-list\"><li>Eftersom trapphus och v\u00e5ningsplan \u00e4r utrymningsv\u00e4gar och brandceller f\u00e5r inte n\u00e5got f\u00f6rvaras d\u00e4r. F\u00f6rvara heller inte br\u00e4nnbart material intill husfasaden.<\/li><li>D\u00f6rrar till k\u00e4llare och andra gemensamma utrymmen ska h\u00e5llas l\u00e5sta.<\/li><li>Boende \u00e4r skyldiga att informera styrelsen (kalltorps.brf@gmail.com) om n\u00e5got uppt\u00e4cks som kan utg\u00f6ra brandrisk (t.ex. fel p\u00e5 brandd\u00f6rr, brandfarligt material i trapphus m.m.)<\/li><li>L\u00e4mna aldrig brinnande ljus\/v\u00e4rmeljus utan uppsikt. Anv\u00e4nd brands\u00e4kra och stabila ljusstakar och st\u00e4ll dem p\u00e5 s\u00e4kert avst\u00e5nd fr\u00e5n gardiner och annat br\u00e4nnbart. En viktig grundregel: Den som g\u00e5r sist ut ur rummet sl\u00e4cker ocks\u00e5 ljusen.<\/li><li>Dra ur kontakten ur kaffekokare, br\u00f6drost, h\u00e5rtork och liknande n\u00e4r de inte anv\u00e4nds.<\/li><li>L\u00e5t inte disk- och tv\u00e4ttmaskiner eller torktumlare vara ig\u00e5ng n\u00e4r du sover eller g\u00e5r hemifr\u00e5n<\/li><li>H\u00e5ll rent fr\u00e5n br\u00e4nnbart material p\u00e5 och runt om spisen. Reng\u00f6r spisfl\u00e4kten regelbundet. En brand i en kastrull kan l\u00e4tt ta sig upp genom en igenfettad spisfl\u00e4kt och sprida sig vidare i huset.<\/li><li>Se till att gl\u00f6dlampor och spotlights inte kommer \u00e5t n\u00e5got br\u00e4nnbart. Anv\u00e4nd skyddsk\u00e5por p\u00e5 lampor i garderober och liknande.<\/li><li>Byt blinkande lysr\u00f6r omedelbart och byt samtidigt glimt\u00e4ndaren.<\/li><li>Se till att elsladdar inte kommer i kl\u00e4m och skadas och byt dem om de \u00e4r trasiga.<\/li><li>Brandfarliga v\u00e4tskor\/\u00e4mnen, tex. bensin, l\u00f6sningsmedel och gasoltuber f\u00e5r inte f\u00f6rvaras i f\u00f6rr\u00e5d och endast mindre m\u00e4ngder i l\u00e4genheten.<\/li><li>Mopeder och elsparkcyklar f\u00e5r inte f\u00f6rvaras i k\u00e4llare\/entr\u00e9er<\/li><li>R\u00f6k aldrig i s\u00e4ngen eller n\u00e5gon annanstans d\u00e4r du riskerar att somna.<\/li><li>All grillning p\u00e5 balkonger\/altaner\/uteplatser \u00e4r f\u00f6rbjudet<\/li><li>Vid s.k. Heta Arbeten (arbeten med verktyg och utrustning som alstrar v\u00e4rme eller gnistor \u2013 t.ex. l\u00f6dning med gas, svetsning) m\u00e5ste f\u00f6reningens ordf\u00f6rande kontaktas innan arbetet f\u00e5r p\u00e5b\u00f6rjas.<\/li><\/ul>\n\n\n\n<h3 class=\"wp-block-heading\">Om det b\u00f6rjar brinna<\/h3>\n\n\n\n<p><strong>Agera direkt<\/strong> &#8211; Eftersom en brand kan v\u00e4xa fort g\u00e4ller det att agera direkt. N\u00e4r branden \u00e4r liten harman st\u00f6rst chans att sl\u00e4cka den sj\u00e4lv. T\u00e4nk igenom f\u00f6re vilka brandrisker som kan finnas i din l\u00e4genhet och hur du ska bete dig och ta dig ut om det b\u00f6rjar brinna. Grundregeln \u00e4r:<\/p>\n\n\n\n<p class=\"has-text-align-center\"><strong>R\u00c4DDA \u2013 VARNA \u2013 LARMA \u2013 SL\u00c4CK<\/strong><\/p>\n\n\n\n<p><strong>Brand i kastrull &#8211; <\/strong>Flytta kastrullen fr\u00e5n plattan och kv\u00e4v branden med ett lock. Anv\u00e4nd aldrig vatten om det brinner i margarin eller olja, d\u00e5 exploderar det brinnande fettet. Placera inte br\u00e4nnbart material p\u00e5 spisen. En timer som bryter str\u00f6mmen till spis och kaffebryggare kan vara bra att ha.<\/p>\n\n\n\n<p><strong>Brand i TV &#8211; <\/strong>Dra ur kontakten och sl\u00e4ck med handbrandsl\u00e4ckare eller genom att h\u00e4lla p\u00e5 vatten.<\/p>\n\n\n\n<p><strong>Brand i kl\u00e4der &#8211; <\/strong>\u00e4r livsfarligt. Om det brinner i dina kl\u00e4der, l\u00e4gg dig ner, rulla runt och f\u00f6rs\u00f6k kv\u00e4va elden. Om det brinner i n\u00e5gon annans kl\u00e4der ska du l\u00e4gga ner personen och kv\u00e4va branden med en filt, rock, brandfilt eller med vatten. B\u00f6rja alltid sl\u00e4cka vid huvudet och forts\u00e4tt ned\u00e5t. Det \u00e4r viktigt att det du sl\u00e4cker med \u00e4r gjort av naturmaterial, konstfiber \u2013 som t.ex. fleece \u2013 tar l\u00e4tt eld.<\/p>\n\n\n\n<p><strong>Annan brand \u2013 <\/strong>\u00c4r branden liten, f\u00f6rs\u00f6k att sl\u00e4cka men ta inga on\u00f6diga risker. Finns handbrandsl\u00e4ckare till hands: ryck ur sprinten, n\u00e4rma dig branden i l\u00e5g st\u00e4llning och spruta mot det som brinner, inte mot l\u00e5gorna. H\u00e5ll dig under r\u00f6ken.<\/p>\n\n\n\n<p><strong>Om det brinner i din l\u00e4genhet \u2013 <\/strong>Kan du inte sl\u00e4cka sj\u00e4lv p\u00e5 ett s\u00e4kert s\u00e4tt \u00e4r det viktigt att du snabbt tar dig ut. St\u00e4ng d\u00f6rren till rummet d\u00e4r det brinner och st\u00e4ng ocks\u00e5 l\u00e4genhetsd\u00f6rren n\u00e4r alla kommit ut. Larma 112 och varna grannarna.<\/p>\n\n\n\n<p><strong>Om det brinner p\u00e5 annan plats i byggnaden \u2013 <\/strong>Stanna kvar i l\u00e4genheten, d\u00f6rren st\u00e5r normalt emot en brand i cirka 30 minuter. V\u00e5ta handdukar kan hj\u00e4lpa till att t\u00e4ta runt d\u00f6rren. G\u00e5 aldrig ut i ett r\u00f6kfyllt trapphus och anv\u00e4nd aldrig hissen vid brand. Larma 112 och p\u00e5kalla uppm\u00e4rksamhet genom f\u00f6nster eller balkong.<\/p>\n\n\n\n<p><strong>Utrymning &#8211; <\/strong>En brand i ett hem f\u00e5r oftast ett mycket snabbt f\u00f6rlopp och det \u00e4r viktigt att du vet hur du ska g\u00f6ra. Se till att du och din familj har en plan f\u00f6r hur ni s\u00e4kert ska kunna ta er ut om er bostad brinner. Best\u00e4m ocks\u00e5 en m\u00f6tesplats i n\u00e4rheten av bostaden. T\u00e4nk p\u00e5 att l\u00e5sta d\u00f6rrar och f\u00f6nster kan vara ett hinder. \u00d6va med familjen hur utrymningen ska g\u00e5 till.<\/p>\n\n\n\n<p>V\u00e4lj s\u00e4kraste v\u00e4gen ut. Undvik r\u00f6kfyllda rum och trapphus. Om du p\u00e5 v\u00e4gen ut kommer till en st\u00e4ngd d\u00f6rr, \u00f6ppna den inte utan att f\u00f6rst ta reda p\u00e5 om det brinner p\u00e5 andra sidan. K\u00e4nn upptill p\u00e5 d\u00f6rren, om den \u00e4r varm brinner det f\u00f6rmodligen p\u00e5 andra sidan. V\u00e4lj i s\u00e5 fall en annan v\u00e4g via en d\u00f6rr eller ett f\u00f6nster. St\u00e4ng alla d\u00f6rrar bakom dig, d\u00e5 vinner du tid b\u00e5de \u00e5t dig sj\u00e4lv och \u00e5t r\u00e4ddningstj\u00e4nsten. En st\u00e4ngd d\u00f6rr hindrar branden fr\u00e5n att sprida sig lika snabbt.<\/p>\n\n\n\n<p><strong>Larma 112 \u2013 <\/strong>N\u00e4r du ringer 112 kommer du till en operat\u00f6r p\u00e5 SOS-centralen. Svara alltid p\u00e5 operat\u00f6rens fr\u00e5gor \u2013 var, vad, vem du \u00e4r, telefonnummer mm. Hj\u00e4lpen blir inte f\u00f6rsenad f\u00f6r att du svarar p\u00e5 fr\u00e5gor. N\u00e4r du pratar med en operat\u00f6r, larmar en annan samtidigt r\u00e4ddningstj\u00e4nsten och skickar den till platsen. M\u00f6t upp n\u00e4r hj\u00e4lpen kommer f\u00f6r att visa v\u00e4gen och spara tid.<\/p>\n\n\n\n<p><strong>Kontroll av pulversl\u00e4ckare<\/strong><\/p>\n\n\n\n<ul class=\"wp-block-list\"><li>Tryckm\u00e4taren ska st\u00e5 p\u00e5 gr\u00f6nt<\/li><li>Slangen ska vara hel<\/li><li>Plomberingen ska sitta kvar<\/li><\/ul>\n\n\n\n<p><strong>S\u00e5 anv\u00e4nder du en brandsl\u00e4ckare<\/strong><\/p>\n\n\n\n<ol class=\"wp-block-list\"><li>Dra ur s\u00e4kringen<\/li><li>Lossa slangen<\/li><li>Rikta munstycket mot det som brinner<\/li><li>Sikta innan du trycker in handtaget<\/li><li>Sikta l\u00e5ngt ner, inte mot toppen av l\u00e5gorna<\/li><li>G\u00e5 n\u00e4ra branden och huka dig ner<\/li><li>Tryck in handtaget, r\u00f6r dig runt branden s\u00e5 att du kommer \u00e5t ordentligt<\/li><\/ol>\n","protected":false},"excerpt":{"rendered":"<p>Skydda ditt hem mot br\u00e4nder Det \u00e4r oftast vardagliga saker som orsakar br\u00e4nder i hemmet, till exempel en gl\u00f6md platta p\u00e5 spisen, levande ljus eller r\u00f6kning. Vi har h\u00e4r samlat information om vad du kan g\u00f6ra f\u00f6r att \u00f6ka brands\u00e4kerheten hemma samt vilka regler som alla boende m\u00e5ste k\u00e4nna till och f\u00f6lja. Alla ska \u00e4ven [&hellip;]<\/p>\n","protected":false},"author":2,"featured_media":0,"parent":0,"menu_order":0,"comment_status":"closed","ping_status":"closed","template":"","meta":{"footnotes":""},"class_list":["post-306","page","type-page","status-publish","hentry"],"_links":{"self":[{"href":"https:\/\/test.fyrhorningen.se\/index.php?rest_route=\/wp\/v2\/pages\/306","targetHints":{"allow":["GET"]}}],"collection":[{"href":"https:\/\/test.fyrhorningen.se\/index.php?rest_route=\/wp\/v2\/pages"}],"about":[{"href":"https:\/\/test.fyrhorningen.se\/index.php?rest_route=\/wp\/v2\/types\/page"}],"author":[{"embeddable":true,"href":"https:\/\/test.fyrhorningen.se\/index.php?rest_route=\/wp\/v2\/users\/2"}],"replies":[{"embeddable":true,"href":"https:\/\/test.fyrhorningen.se\/index.php?rest_route=%2Fwp%2Fv2%2Fcomments&post=306"}],"version-history":[{"count":0,"href":"https:\/\/test.fyrhorningen.se\/index.php?rest_route=\/wp\/v2\/pages\/306\/revisions"}],"wp:attachment":[{"href":"https:\/\/test.fyrhorningen.se\/index.php?rest_route=%2Fwp%2Fv2%2Fmedia&parent=306"}],"curies":[{"name":"wp","href":"https:\/\/api.w.org\/{rel}","templated":true}]}}