{"id":77,"date":"2022-02-21T14:35:27","date_gmt":"2022-02-21T13:35:27","guid":{"rendered":"https:\/\/test.brfkalltorp.se\/?page_id=77"},"modified":"2022-02-21T14:35:27","modified_gmt":"2022-02-21T13:35:27","slug":"trivselregler","status":"publish","type":"page","link":"https:\/\/test.fyrhorningen.se\/?page_id=77","title":{"rendered":"Trivselregler"},"content":{"rendered":"\n<p>F\u00f6r v\u00e5r gemensamma trivsel har styrelsen tagit fram f\u00f6ljande information om ansvar och regler f\u00f6r att g\u00f6ra v\u00e5rt boende \u00e4nnu b\u00e4ttre och inte minst f\u00f6r att h\u00e5lla v\u00e5ra gemensamma kostnader s\u00e5 l\u00e5ga som m\u00f6jligt.<\/p>\n\n\n\n<h3 class=\"wp-block-heading\" id=\"om-allm\u00e4n-aktsamhet\">OM ALLM\u00c4N AKTSAMHET<\/h3>\n\n\n\n<ul class=\"wp-block-list\"><li>Var aktsam om och v\u00e5rda v\u00e4l f\u00f6reningens egendom. Kostnader f\u00f6r underh\u00e5ll och reparationer betalas av alla gemensamt.<\/li><li>Om akut skada intr\u00e4ffar i huset, ta i f\u00f6rsta hand kontakt med n\u00e5gon i styrelsen. Uppgifter om kontaktpersoner finns anslagna i varje port.<\/li><\/ul>\n\n\n\n<h3 class=\"wp-block-heading\" id=\"om-s\u00e4kerhet\">OM S\u00c4KERHET<\/h3>\n\n\n\n<ul class=\"wp-block-list\"><li>Kontrollera alltid att ytterporten i fastigheten g\u00e5r i l\u00e5s efter in- och utpassering. Detta g\u00e4ller \u00e4ven cykelf\u00f6rr\u00e5d och andra gemensamma utrymmen.<\/li><li>Sl\u00e4pp inte in n\u00e5gon ok\u00e4nd person i fastigheten och l\u00e4mna inte ut portkoden till n\u00e5gon ok\u00e4nd person.<\/li><li>L\u00e4mna inte k\u00e4llard\u00f6rrar ol\u00e5sta. L\u00e4mna inte f\u00f6nster i tv\u00e4ttstugan \u00f6ppna.<\/li><li>Meddela grannar eller styrelsen om du under en l\u00e4ngre tid \u00e4r borta fr\u00e5n bostaden.<\/li><\/ul>\n\n\n\n<h3 class=\"wp-block-heading\" id=\"om-gemensamma-kostnader\">OM GEMENSAMMA KOSTNADER<\/h3>\n\n\n\n<p>Iaktta sparsamhet vid el- och varmvattenf\u00f6rbrukning och l\u00e4mna inte vatten rinnande i on\u00f6dan. Var ocks\u00e5 sparsam med el i f\u00f6reningens gemensamma utrymmen. Byt din kranpackning n\u00e4r vatten st\u00e5r och droppar. Kostnader f\u00f6r vatten betalas av alla gemensamt.<\/p>\n\n\n\n<h3 class=\"wp-block-heading\" id=\"balkonger\">BALKONGER\/UTEPLATSER<\/h3>\n\n\n\n<p>Balkonger\/altaner\/uteplatser f\u00e5r inte anv\u00e4ndas f\u00f6r:<\/p>\n\n\n\n<ul class=\"wp-block-list\"><li>Skakning av mattor.<\/li><li>Grillning p.g.a. brandrisk samt os och lukt.<\/li><li>Visa ocks\u00e5 h\u00e4nsyn vid all r\u00f6kning. T\u00e4nk p\u00e5 att r\u00f6ken ofta kan dras in genom grannarnas \u00f6ppna balkongd\u00f6rrar och f\u00f6nster och \u00e4ven genom de ventiler som sitter under f\u00f6nstren.<\/li><\/ul>\n\n\n\n<h3 class=\"wp-block-heading\" id=\"matning-av-f\u00e5glar\">MATNING AV F\u00c5GLAR OCH ANDRA DJUR<\/h3>\n\n\n\n<p>Matning av f\u00e5glar och andra djur \u00e4r inte till\u00e5ten inom f\u00f6reningens omr\u00e5de p\u00e5 grund av att matrester riskerar att locka till sig r\u00e5ttor och andra skadedjur.<\/p>\n\n\n\n<h3 class=\"wp-block-heading\" id=\"tv\u00e4ttstugan\">TV\u00c4TTSTUGAN<\/h3>\n\n\n\n<p>Bokningschema och s\u00e4rskilda ordningsregler finns anslagna i tv\u00e4ttstugan. Se till att du f\u00f6ljer reglerna! OBS! Mattor f\u00e5r inte tv\u00e4ttas i tv\u00e4ttmaskiner avsedda f\u00f6r hush\u00e5llstv\u00e4tt.<\/p>\n\n\n\n<h3 class=\"wp-block-heading\" id=\"cyklar-mopeder-barnvagnar-rullatorer\">CYKLAR, MOPEDER, BARNVAGNAR, RULLATORER<\/h3>\n\n\n\n<ul class=\"wp-block-list\"><li>Cyklar ska f\u00f6rvaras i de s\u00e4rskilda utrymmen som f\u00f6reningen anvisar, i cykelrum och i cykelst\u00e4ll. Cyklar f\u00e5r inte placeras s\u00e5 att de hindrar framkomligheten till fastigheten eller p\u00e5 f\u00f6reningens mark.<\/li><li>P\u00e5 grund av att trapphusen \u00e4r utrymningsv\u00e4gar och v\u00e4gen f\u00f6r brandk\u00e5r\/sjukv\u00e5rdspersonal att n\u00e5 n\u00f6dst\u00e4llda, f\u00e5r inga barnvagnar, kickbikes eller cyklar f\u00f6rvaras i trapphusen.<\/li><li>Rullatorer f\u00e5r f\u00f6rvaras under trappan. Korgen m\u00e5ste dock vara t\u00f6md.<\/li><\/ul>\n\n\n\n<h3 class=\"wp-block-heading\" id=\"g\u00e5rden\">G\u00c5RDEN<\/h3>\n\n\n\n<p>F\u00f6r att underl\u00e4tta framkomligheten f\u00f6r taxi och f\u00e4rdtj\u00e4nst undviker vi all on\u00f6dig bilk\u00f6rning p\u00e5 innerg\u00e5rden. F\u00f6r\u00e4ldrar ansvarar f\u00f6r att barnens leksaker, cyklar mm samlas ihop efter dagens slut och tas med till respektive l\u00e4genhet, eller l\u00e4ggs i leksaksl\u00e5dan som finns i rondellen.<\/p>\n\n\n\n<h3 class=\"wp-block-heading\" id=\"k\u00e4llare\">K\u00c4LLARE<\/h3>\n\n\n\n<p>I k\u00e4llaren f\u00f6rvaras personliga tillh\u00f6righeter endast p\u00e5 avsedd plats, d.v.s. i k\u00e4llarf\u00f6rr\u00e5det. G\u00e5ngarna ska h\u00e5llas fria fr\u00e5n saker och f\u00e5r inte belamras. Undvik att f\u00f6rvara st\u00f6ldbeg\u00e4rlig egendom i ditt k\u00e4llarf\u00f6rr\u00e5d.<\/p>\n\n\n\n<h3 class=\"wp-block-heading\" id=\"husdjur\">HUSDJUR<\/h3>\n\n\n\n<p>Du som har husdjur \u00e4r skyldig att \u00f6vervaka att dessa inte st\u00f6r eller f\u00f6rorenar i huset. Rastning inom f\u00f6reningens omr\u00e5de \u00e4r inte till\u00e5tet.<\/p>\n\n\n\n<h3 class=\"wp-block-heading\" id=\"st\u00f6rningar\">ST\u00d6RNINGAR<\/h3>\n\n\n\n<p>F\u00f6r att alla ska trivas \u00e4r det viktigt att man inte st\u00f6rs av omkringboende. Alla boende \u00e4r skyldiga att visa h\u00e4nsyn. Lagen ser str\u00e4ngt p\u00e5 st\u00f6rningar! Den som st\u00f6r och inte r\u00e4ttar sig efter tills\u00e4gelse kan bli uppsagd fr\u00e5n l\u00e4genheten. Skyldigheten g\u00e4ller i l\u00e4genheten men ocks\u00e5 i gemensamma utrymmen som t.ex. i trapphus, hiss och tv\u00e4ttstuga.<\/p>\n\n\n\n<p>Reglerna g\u00e4ller dygnet runt men \u00e4r extra angel\u00e4gna att f\u00f6lja fr\u00e5n kl. 22.00 p\u00e5 kv\u00e4llen till kl. 07.00 p\u00e5 morgonen. Tv\u00e4tt- och diskmaskiner ska d\u00e4rf\u00f6r undvikas att k\u00f6ras under denna tid. Har du fest s\u00e5 informera g\u00e4rna grannarna i god tid innan om du tror att du kommer att st\u00f6ra.<\/p>\n\n\n\n<p>N\u00e4r det g\u00e4ller st\u00f6rande arbeten med h\u00f6g ljudniv\u00e5 som t.ex. renoveringsarbeten, s\u00e5 f\u00e5r dessa utf\u00f6ras m\u00e5ndag \u2013 fredag mellan 08.00 \u2013 20.00 och mellan 10.00 \u2013 17.00 p\u00e5 l\u00f6rdagar. Inga arbeten av denna typ f\u00e5r utf\u00f6ras p\u00e5 s\u00f6ndagar och helgdagar. Detsamma g\u00e4ller f\u00f6r trettondagsafton, p\u00e5skafton, pingstafton, midsommarafton, julafton och ny\u00e5rsafton.<\/p>\n\n\n\n<p>Om du ska renovera din l\u00e4genhet eller ha fest som kan bli \u201dlite h\u00f6gljudd\u201d \u00e4r grannarna s\u00e4kert tacksamma om du meddelar detta i god tid i f\u00f6rv\u00e4g p\u00e5 anslagstavlan i trapphuset.<\/p>\n\n\n\n<p><\/p>\n\n\n\n<h5 class=\"has-text-align-center wp-block-heading\" id=\"styrelsen-brf-k\u00e4lltorp\"><strong>Styrelsen BRF K\u00e4lltorp<\/strong><\/h5>\n","protected":false},"excerpt":{"rendered":"<p>F\u00f6r v\u00e5r gemensamma trivsel har styrelsen tagit fram f\u00f6ljande information om ansvar och regler f\u00f6r att g\u00f6ra v\u00e5rt boende \u00e4nnu b\u00e4ttre och inte minst f\u00f6r att h\u00e5lla v\u00e5ra gemensamma kostnader s\u00e5 l\u00e5ga som m\u00f6jligt. OM ALLM\u00c4N AKTSAMHET Var aktsam om och v\u00e5rda v\u00e4l f\u00f6reningens egendom. Kostnader f\u00f6r underh\u00e5ll och reparationer betalas av alla gemensamt. Om [&hellip;]<\/p>\n","protected":false},"author":2,"featured_media":0,"parent":0,"menu_order":0,"comment_status":"closed","ping_status":"closed","template":"","meta":{"footnotes":""},"class_list":["post-77","page","type-page","status-publish","hentry"],"_links":{"self":[{"href":"https:\/\/test.fyrhorningen.se\/index.php?rest_route=\/wp\/v2\/pages\/77","targetHints":{"allow":["GET"]}}],"collection":[{"href":"https:\/\/test.fyrhorningen.se\/index.php?rest_route=\/wp\/v2\/pages"}],"about":[{"href":"https:\/\/test.fyrhorningen.se\/index.php?rest_route=\/wp\/v2\/types\/page"}],"author":[{"embeddable":true,"href":"https:\/\/test.fyrhorningen.se\/index.php?rest_route=\/wp\/v2\/users\/2"}],"replies":[{"embeddable":true,"href":"https:\/\/test.fyrhorningen.se\/index.php?rest_route=%2Fwp%2Fv2%2Fcomments&post=77"}],"version-history":[{"count":0,"href":"https:\/\/test.fyrhorningen.se\/index.php?rest_route=\/wp\/v2\/pages\/77\/revisions"}],"wp:attachment":[{"href":"https:\/\/test.fyrhorningen.se\/index.php?rest_route=%2Fwp%2Fv2%2Fmedia&parent=77"}],"curies":[{"name":"wp","href":"https:\/\/api.w.org\/{rel}","templated":true}]}}