{"id":81,"date":"2022-02-21T14:50:00","date_gmt":"2022-02-21T13:50:00","guid":{"rendered":"https:\/\/test.brfkalltorp.se\/?page_id=81"},"modified":"2022-02-21T14:50:00","modified_gmt":"2022-02-21T13:50:00","slug":"underhall","status":"publish","type":"page","link":"https:\/\/test.fyrhorningen.se\/?page_id=81","title":{"rendered":"Underh\u00e5ll"},"content":{"rendered":"\n<h3 class=\"wp-block-heading\" id=\"luftintag-vid-elementen\">Luftintag vid elementen<\/h3>\n\n\n\n<p>Luftdonen vid elementen \u00e4r av m\u00e4rket Easy-Vent och filtren till dessa b\u00f6r bytas en g\u00e5ng per \u00e5r. Om filtret inte har bytts p\u00e5 l\u00e4nge kan det leda till s\u00e4mre luftkvalitet och att det blir kallare i l\u00e4genheten, detta f\u00f6r att uteluften inte kommer igenom filtret och vidare genom elementet. F\u00f6reningen best\u00e4ller nya filter till alla element en g\u00e5ng per \u00e5r som medlemmarna kan h\u00e4mta ut. Det g\u00e5r ocks\u00e5 att best\u00e4lla nya filter f\u00f6r luftdonet Easy-Vent fr\u00e5n Acticon\u2019s hemsida:<\/p>\n\n\n\n<p><a href=\"http:\/\/www.acticon.se\/se\/filter-till-easy-vent\/\">http:\/\/www.acticon.se\/se\/filter-till-easy-vent\/<\/a><\/p>\n\n\n\n<p>Det \u00e4r inte till\u00e5tet att t\u00e4cka f\u00f6r luftdonen,&nbsp;detta f\u00f6r att uteluften d\u00e5 kommer igenom fasaden vilket skapar fuktighet&nbsp;med risk f\u00f6r m\u00f6gel som f\u00f6ljd.<\/p>\n\n\n\n<p>Det \u00e4r dock&nbsp;till\u00e5tet att installera&nbsp;dubbelfilter f\u00f6r att minska kalldraget.  Kontakta styrelsen om du vill g\u00f6ra detta.<\/p>\n\n\n\n<h3 class=\"wp-block-heading\" id=\"k\u00f6ksfl\u00e4kt\">K\u00f6ksfl\u00e4kt<\/h3>\n\n\n\n<p>De flesta har originaltyp av spisk\u00e5pa (Futurum\/Franke) som man startar med ett vred, som i sj\u00e4lva verket bara \u00f6ppnar ett spj\u00e4ll f\u00f6r st\u00f6rre fl\u00f6de &#8211; det startar inte n\u00e5gon motor.<\/p>\n\n\n\n<p>Om du vill byta din spisk\u00e5pa m\u00e5ste du alltid&nbsp;ha styrelsens tillst\u00e5nd. De typer av k\u00f6ksfl\u00e4kt som man kan ha \u00e4r spisk\u00e5pa utan motor eller kolfilterfl\u00e4kt.<\/p>\n\n\n\n<p>V\u00e5r ventilation fungerar s\u00e5 att det sitter en stor fr\u00e5nluftsfl\u00e4kt vid \u201cskorstenarna\u201d p\u00e5 taken. Fl\u00e4kten skapar ett undertryck som drar ut luft ur l\u00e4genheterna genom k\u00f6ksfl\u00e4kten och de runda ventilerna i badrummen och kl\u00e4dkammaren.<\/p>\n\n\n\n<p>Spisk\u00e5pan \u00e4r \u00e4ven en del av sj\u00e4lva ventilationssystemet med korrekt justerat luftfl\u00f6de i normall\u00e4ge. Det \u00e4r f\u00f6reningens ansvar att se till att spisk\u00e5pan&nbsp;fungerar.&nbsp;Till exempel&nbsp;om vredet har g\u00e5tt s\u00f6nder d\u00e5 m\u00e5ste du kontakta styrelsen.<\/p>\n\n\n\n<p>De enda till\u00e5tna motorfl\u00e4ktarna \u00e4r kolfilterfl\u00e4ktar som \u00e4r installerade s\u00e5 att de skickar tillbaka luften in i den egna l\u00e4genheten (och inte \u00e4r kopplade till husets ventilationskanal).<\/p>\n\n\n\n<p>Observera att om originalfl\u00e4kten tas bort, m\u00e5ste en reglerbar ventil s\u00e4ttas i den gamla fl\u00e4ktens ventilationskanal justerat med 10 l\/min fl\u00f6de. Annars blir det kallt i l\u00e4genheten p\u00e5 vintern n\u00e4r luftfl\u00f6det \u00e4r p\u00e5 max hela tiden. Det kan vara ett kostsamt projekt.<\/p>\n\n\n\n<h3 class=\"wp-block-heading\">Stopp i avlopp<\/h3>\n\n\n\n<p><strong>Stopp i handfatet i badrummet <\/strong>(avloppet i duschen fungerar och toaletten fungerar)<\/p>\n\n\n\n<p>Rensa avloppet sj\u00e4lv eller ring till Johanssons R\u00f6r eller n\u00e5got annat r\u00f6r f\u00f6retag.<br>Detta \u00e4r boendes ansvar.<br><br><strong>Stopp i golvbrunn i duschen <\/strong>(toaletten fungerar)<\/p>\n\n\n\n<p>Rensa sj\u00e4lv avloppet i duschen (vattenl\u00e5set under silen g\u00e5r att ta upp) eller ring till Johanssons R\u00f6r eller n\u00e5got annat r\u00f6r f\u00f6retag. Ett mycket enkelt jobb att utf\u00f6ra sj\u00e4lv. Detta \u00e4r boendes ansvar.<\/p>\n\n\n\n<p><strong>Stopp i golvbrunn i duschen och samtidigt stopp i toaletten<\/strong><\/p>\n\n\n\n<p>Stoppet \u00e4r i avloppsr\u00f6ret som ligger under golvet. Ring styrelsen direkt (ordf\u00f6rande). Styrelsen bed\u00f6mer om vi beh\u00f6ver kalla en spolare. Detta \u00e4r f\u00f6reningens ansvar.<br><br><strong>Stopp i avloppet i k\u00f6ket<\/strong> (vattnet stannar kvar i diskhon och diskmaskinen t\u00f6mmer sig inte)<\/p>\n\n\n\n<p>Ring eller mejla till styrelsen och t\u00f6m sk\u00e5pet under diskhon. Styrelsen kan oftast \u00e5tg\u00e4rda stoppet och bed\u00f6mer om vi beh\u00f6ver kalla en spolare. Det \u00e4r ingen id\u00e9 att ta is\u00e4r r\u00f6ren under diskhon pga att stoppet n\u00e4stan alltid ligger under golvet d\u00e4r boende inte sj\u00e4lv kommer \u00e5t.<br>Detta \u00e4r f\u00f6reningens ansvar pga f\u00f6reningens problematiska r\u00f6r i k\u00f6ket.<br><br><strong>Vatten fr\u00e5n tv\u00e4ttmaskinen rinner ut p\u00e5 golvet i badrummet <\/strong>(Vatten rinner ut fr\u00e5n det vita r\u00f6ret bakom tv\u00e4ttmaskinen n\u00e4r maskinen t\u00f6mmer sig)<\/p>\n\n\n\n<p>Rensa vattenl\u00e5set som ligger under det vita r\u00f6ret som sitter p\u00e5 v\u00e4ggen bakom tv\u00e4ttmaskinen. Man m\u00e5ste skruva bort den \u00f6versta skruven f\u00f6r att kunna ta bort det vita plastr\u00f6ret fr\u00e5n v\u00e4ggen. Om du inte kan g\u00f6ra detta sj\u00e4lv ring till Johansson r\u00f6r eller n\u00e5got annat r\u00f6r f\u00f6retag. Styrelsen kan ocks\u00e5 visa dig hur du ska g\u00f6ra om du vill f\u00f6rs\u00f6ka rensa sj\u00e4lv. Detta \u00e4r boendes ansvar.<br><br><strong>Tv\u00e4ttmaskinen t\u00f6mmer sig inte och har stannat<\/strong><\/p>\n\n\n\n<p>Rensa pumpen bakom tv\u00e4ttmaskinens t\u00f6mningslucka som ligger p\u00e5 framsidan av tv\u00e4ttmaskinen. Det kan finnas n\u00e5got litet f\u00f6rem\u00e5l d\u00e4r inne som hindrar pumpen fr\u00e5n att rulla. (t\u00e4nk p\u00e5 att n\u00e4r du skruvar upp pumpens skruvlock kommer allt vatten fr\u00e5n maskinen att rinna ut p\u00e5 golvet). S\u00e4tt tillbaka delarna, tryck Reset (oftast 3 sek) och starta det kortaste programmet. Om maskinen fortfarande inte fungerar ring reparat\u00f6r eller inf\u00f6rskaffa eventuellt en ny tv\u00e4ttmaskin om den gamla \u00e4r \u00f6ver 10 \u00e5r. Detta \u00e4r boendes ansvar.<\/p>\n\n\n\n<p><br><strong>Diskmaskinen har stannat och vatten st\u00e5r kvar i maskinen<\/strong><\/p>\n\n\n\n<p>Om det samtidigt ocks\u00e5 finns vatten i diskhon, som ej rinner ur densamma, d\u00e5 ringer ni till styrelsen.<\/p>\n\n\n\n<p>Om vattnet rinner ur diskhon (testa), d\u00e5 ligger felet i diskmaskinen.<\/p>\n\n\n\n<p>Rensa diskmaskinens sil, tryck Reset (oftast 3sek) och starta det kortaste programmet. Om maskinen inte b\u00f6rjar t\u00f6mma sig fr\u00e5n vatten ring reparat\u00f6r eller inf\u00f6rskaffa eventuellt en ny diskmaskin om den gamla \u00e4r \u00f6ver 10 \u00e5r. Detta \u00e4r boendes ansvar.<br><br><\/p>\n\n\n\n<p><strong>Johanssons R\u00f6r<\/strong> <a href=\"tel:08-590%20711%2000\" target=\"_blank\" rel=\"noreferrer noopener\"><strong>08-590 711 00<\/strong><\/a><\/p>\n\n\n\n<p>Reparat\u00f6r av vitvaror i Kallh\u00e4ll: <strong>Norr-V\u00e4st Hush\u00e5llsservice<\/strong> <a href=\"tel:+46858358309\" target=\"_blank\" rel=\"noreferrer noopener\"><strong>08-583 583 09<\/strong><\/a><\/p>\n","protected":false},"excerpt":{"rendered":"<p>Luftintag vid elementen Luftdonen vid elementen \u00e4r av m\u00e4rket Easy-Vent och filtren till dessa b\u00f6r bytas en g\u00e5ng per \u00e5r. Om filtret inte har bytts p\u00e5 l\u00e4nge kan det leda till s\u00e4mre luftkvalitet och att det blir kallare i l\u00e4genheten, detta f\u00f6r att uteluften inte kommer igenom filtret och vidare genom elementet. F\u00f6reningen best\u00e4ller nya [&hellip;]<\/p>\n","protected":false},"author":2,"featured_media":0,"parent":0,"menu_order":0,"comment_status":"closed","ping_status":"closed","template":"","meta":{"footnotes":""},"class_list":["post-81","page","type-page","status-publish","hentry"],"_links":{"self":[{"href":"https:\/\/test.fyrhorningen.se\/index.php?rest_route=\/wp\/v2\/pages\/81","targetHints":{"allow":["GET"]}}],"collection":[{"href":"https:\/\/test.fyrhorningen.se\/index.php?rest_route=\/wp\/v2\/pages"}],"about":[{"href":"https:\/\/test.fyrhorningen.se\/index.php?rest_route=\/wp\/v2\/types\/page"}],"author":[{"embeddable":true,"href":"https:\/\/test.fyrhorningen.se\/index.php?rest_route=\/wp\/v2\/users\/2"}],"replies":[{"embeddable":true,"href":"https:\/\/test.fyrhorningen.se\/index.php?rest_route=%2Fwp%2Fv2%2Fcomments&post=81"}],"version-history":[{"count":0,"href":"https:\/\/test.fyrhorningen.se\/index.php?rest_route=\/wp\/v2\/pages\/81\/revisions"}],"wp:attachment":[{"href":"https:\/\/test.fyrhorningen.se\/index.php?rest_route=%2Fwp%2Fv2%2Fmedia&parent=81"}],"curies":[{"name":"wp","href":"https:\/\/api.w.org\/{rel}","templated":true}]}}